{"id":248,"date":"2013-03-22T18:14:18","date_gmt":"2013-03-22T18:14:18","guid":{"rendered":"http:\/\/church-event.vamtam.com\/?page_id=248"},"modified":"2013-03-22T18:14:18","modified_gmt":"2013-03-22T18:14:18","slug":"hall-of-fame","status":"publish","type":"page","link":"http:\/\/especiales.laprensagrafica.com\/2015\/beatificacion-romero\/features\/hall-of-fame\/","title":{"rendered":"Hall of Fame"},"content":{"rendered":"<blockquote><p>Vamtam have gone way beyond the normal levels of support and are quick to address any questions<br \/>\nI have had in a patient and very friendly manner.<br \/>\nI am not a WordPress expert and after just 1 hour of editing and uploading my site<br \/>\nis already looking something like I hoped it would.<\/p>\n<p lang=\"bg\">I wish these top notch guys all the best with everything they produce and hope that<br \/>\nthat gets the spoils they deserve from Progressio and any future themes they produce.<\/p>\n<div class=\"push\" style='height:10px'><\/div>\n<h5>Richard Pearson<\/h5>\n<\/blockquote>\n<blockquote><p>Thanks for your help. I\u2019ll be keeping an eye out for future themes by you.<br \/>\n<div class=\"push\" style='height:10px'><\/div>\n<h5>Jody LaRue<\/h5>\n<\/blockquote>\n<blockquote cite=\"Csomort\u00e1ni Botond\"><p>Thanks for you great support!\u00a0 Keep up the good job!<br \/>\n<div class=\"push\" style='height:10px'><\/div><\/blockquote>\n<blockquote><p>Thanks so much for the support and again\u2026 loving the theme!<\/p>\n<div class=\"push\" style='height:10px'><\/div>\n<h5>Amy Hannay<\/h5>\n<\/blockquote>\n<blockquote><p>You guys ROCK ! Thank you so much.<br \/>\n<div class=\"push\" style='height:10px'><\/div>\n<h5>Kristy Crabtree<\/h5>\n<\/blockquote>\n<blockquote><p>Thanks VamTam, your support is by far the best I&#8217;ve experienced, and I look forward to future themes from your company.<br \/>\n<div class=\"push\" style='height:10px'><\/div>\n<h5>Dave Meaden<\/h5>\n<\/blockquote>\n<blockquote><p>Our company has been buying on Envato marketplaces for a while now.<br \/>\nWe buy many things everyday. Vamtam\u2019s level of support is second to none.<br \/>\nWe have never been so happy to work with a developer from Envato before.<br \/>\nThere product is perfect and the best we have seen.<br \/>\nWe highly recommend Vamtam.<br \/>\n<div class=\"push\" style='height:10px'><\/div>\n<h5>Rob<\/h5>\n<\/blockquote>\n<blockquote><p>You guys really know customer service.<br \/>\nThanks for making my life easy!! And a huge thanks to Mario!<br \/>\n<div class=\"push\" style='height:10px'><\/div>\n<h5>Denis St-Amour<\/h5>\n<\/blockquote>\n<blockquote><p>Just a quick thank you for all the help and support.<\/p>\n<p>I have been a member for 5 years and purchased 100\u2019s of themes, I highly recommend this theme to anyone considering it.<\/p>\n<p>Amazing versatility and options\u2026 sooo many tasty options, this template can easily be anything you want it to be,<br \/>\nwrap this up in a coating of outstanding support and you have yourself a yummy package worth a lot more than the asking price.<\/p>\n<p>Thank you for a great product!<\/p>\n<div class=\"push\" style='height:10px'><\/div>\n<h5>Amber<\/h5>\n<\/blockquote>\n<blockquote><p>As a web business owner, I have reviewed many websites in the past and tried many to..<br \/>\nI would like to say a big thank you for the Studium theme.<\/p>\n<p>The featured rich options and features are second to none, and having the layout possibilities are tremendous.<\/p>\n<p>Thank you so much for making this theme available, and for replying quickly to questions.<\/p>\n<p>Now, can\u2019t wait to get things set up<\/p>\n<div class=\"push\" style='height:10px'><\/div>\n<h5>Karen<\/h5>\n<\/blockquote>\n<blockquote><p>I have worked with dozens of theme authors.<br \/>\nI want to express my sincerest gratitude in your tireless efforts to resolve and quickly resolve all questions and perceived issues.<br \/>\nMost issues were resolved immediately in a response.<br \/>\nYour ticketing system at the Vamtam support is great and I would like to see you build that knowledge base up with the comments on Themeforest.<\/p>\n<p>You modified a custom plugin to be compatible with your theme which was necessary as a key feature on the website.<br \/>\nMy experience has been great and will gladly support your future themes.<\/p>\n<p>best support of all my experience with themes at themeforest. bar none the best. Thanks Nikolay<br \/>\n<div class=\"push\" style='height:10px'><\/div>\n<h5>calvaryconcepts.com<\/h5>\n<\/blockquote>\n<blockquote><p>OK so I have had some time to get to grips with this theme with the help from the fantastic support at support.vamtam.com<br \/>\nInitially I was quite daunted by the amount of customisation one can do with this theme, especially the slider concepts<br \/>\nwhich make total sense now!<br \/>\nI think this is one of the most beautiful themes in themeforest and on top of that the best one I have ever used to get<br \/>\nmy site looking how I want it to look.<br \/>\nWell done guys for a great theme.<br \/>\n<div class=\"push\" style='height:10px'><\/div>\n<h5>Eddy<\/h5>\n<\/blockquote>\n<blockquote><p>Hi Nikolay,<\/p>\n<p>I\u2019ll be more than happy to rate your theme 5 stars, I can honestly say it is by far the best theme I have worked with.<br \/>\nMany thanks.<br \/>\n<div class=\"push\" style='height:10px'><\/div>\n<h5>Richard James Molloy<\/h5>\n<\/blockquote>\n","protected":false},"excerpt":{"rendered":"<p>Vamtam have gone way beyond the normal levels of support and are quick to address any questions I have had in a patient and very friendly manner. I am not a WordPress expert and after just 1 hour of editing and uploading my site is already looking something like I hoped it would. I wish&#8230;<\/p>\n","protected":false},"author":3,"featured_media":0,"parent":6754,"menu_order":0,"comment_status":"closed","ping_status":"closed","template":"","meta":{"spay_email":""},"yoast_head":"<!-- This site is optimized with the Yoast SEO plugin v19.1 - https:\/\/yoast.com\/wordpress\/plugins\/seo\/ -->\n<title>Hall of Fame - Beatificaci\u00f3n de Monse\u00f1or Romero<\/title>\n<meta name=\"robots\" content=\"index, follow, max-snippet:-1, max-image-preview:large, max-video-preview:-1\" \/>\n<link rel=\"canonical\" href=\"http:\/\/especiales.laprensagrafica.com\/2015\/beatificacion-romero\/features\/hall-of-fame\/\" \/>\n<meta property=\"og:locale\" content=\"es_ES\" \/>\n<meta property=\"og:type\" content=\"article\" \/>\n<meta property=\"og:title\" content=\"Hall of Fame - Beatificaci\u00f3n de Monse\u00f1or Romero\" \/>\n<meta property=\"og:description\" content=\"Vamtam have gone way beyond the normal levels of support and are quick to address any questions I have had in a patient and very friendly manner. I am not a WordPress expert and after just 1 hour of editing and uploading my site is already looking something like I hoped it would. I wish...\" \/>\n<meta property=\"og:url\" content=\"http:\/\/especiales.laprensagrafica.com\/2015\/beatificacion-romero\/features\/hall-of-fame\/\" \/>\n<meta property=\"og:site_name\" content=\"Beatificaci\u00f3n de Monse\u00f1or Romero\" \/>\n<meta property=\"article:publisher\" content=\"https:\/\/www.facebook.com\/lpg.laprensagrafica\" \/>\n<meta name=\"twitter:card\" content=\"summary_large_image\" \/>\n<meta name=\"twitter:site\" content=\"@prensagrafica\" \/>\n<meta name=\"twitter:label1\" content=\"Tiempo de lectura\" \/>\n\t<meta name=\"twitter:data1\" content=\"3 minutos\" \/>\n<script type=\"application\/ld+json\" class=\"yoast-schema-graph\">{\"@context\":\"https:\/\/schema.org\",\"@graph\":[{\"@type\":\"WebSite\",\"@id\":\"http:\/\/especiales.laprensagrafica.com\/2015\/beatificacion-romero\/#website\",\"url\":\"http:\/\/especiales.laprensagrafica.com\/2015\/beatificacion-romero\/\",\"name\":\"Beatificaci\u00f3n de Monse\u00f1or Romero\",\"description\":\"Sitio especial de La Prensa Gr\u00e1fica\",\"potentialAction\":[{\"@type\":\"SearchAction\",\"target\":{\"@type\":\"EntryPoint\",\"urlTemplate\":\"http:\/\/especiales.laprensagrafica.com\/2015\/beatificacion-romero\/?s={search_term_string}\"},\"query-input\":\"required name=search_term_string\"}],\"inLanguage\":\"es\"},{\"@type\":\"WebPage\",\"@id\":\"http:\/\/especiales.laprensagrafica.com\/2015\/beatificacion-romero\/features\/hall-of-fame\/#webpage\",\"url\":\"http:\/\/especiales.laprensagrafica.com\/2015\/beatificacion-romero\/features\/hall-of-fame\/\",\"name\":\"Hall of Fame - Beatificaci\u00f3n de Monse\u00f1or Romero\",\"isPartOf\":{\"@id\":\"http:\/\/especiales.laprensagrafica.com\/2015\/beatificacion-romero\/#website\"},\"datePublished\":\"2013-03-22T18:14:18+00:00\",\"dateModified\":\"2013-03-22T18:14:18+00:00\",\"breadcrumb\":{\"@id\":\"http:\/\/especiales.laprensagrafica.com\/2015\/beatificacion-romero\/features\/hall-of-fame\/#breadcrumb\"},\"inLanguage\":\"es\",\"potentialAction\":[{\"@type\":\"ReadAction\",\"target\":[\"http:\/\/especiales.laprensagrafica.com\/2015\/beatificacion-romero\/features\/hall-of-fame\/\"]}]},{\"@type\":\"BreadcrumbList\",\"@id\":\"http:\/\/especiales.laprensagrafica.com\/2015\/beatificacion-romero\/features\/hall-of-fame\/#breadcrumb\",\"itemListElement\":[{\"@type\":\"ListItem\",\"position\":1,\"name\":\"Portada\",\"item\":\"http:\/\/especiales.laprensagrafica.com\/2015\/beatificacion-romero\/\"},{\"@type\":\"ListItem\",\"position\":2,\"name\":\"Features\",\"item\":\"http:\/\/especiales.laprensagrafica.com\/2015\/beatificacion-romero\/features\/\"},{\"@type\":\"ListItem\",\"position\":3,\"name\":\"Hall of Fame\"}]}]}<\/script>\n<!-- \/ Yoast SEO plugin. -->","yoast_head_json":{"title":"Hall of Fame - Beatificaci\u00f3n de Monse\u00f1or Romero","robots":{"index":"index","follow":"follow","max-snippet":"max-snippet:-1","max-image-preview":"max-image-preview:large","max-video-preview":"max-video-preview:-1"},"canonical":"http:\/\/especiales.laprensagrafica.com\/2015\/beatificacion-romero\/features\/hall-of-fame\/","og_locale":"es_ES","og_type":"article","og_title":"Hall of Fame - Beatificaci\u00f3n de Monse\u00f1or Romero","og_description":"Vamtam have gone way beyond the normal levels of support and are quick to address any questions I have had in a patient and very friendly manner. I am not a WordPress expert and after just 1 hour of editing and uploading my site is already looking something like I hoped it would. I wish...","og_url":"http:\/\/especiales.laprensagrafica.com\/2015\/beatificacion-romero\/features\/hall-of-fame\/","og_site_name":"Beatificaci\u00f3n de Monse\u00f1or Romero","article_publisher":"https:\/\/www.facebook.com\/lpg.laprensagrafica","twitter_card":"summary_large_image","twitter_site":"@prensagrafica","twitter_misc":{"Tiempo de lectura":"3 minutos"},"schema":{"@context":"https:\/\/schema.org","@graph":[{"@type":"WebSite","@id":"http:\/\/especiales.laprensagrafica.com\/2015\/beatificacion-romero\/#website","url":"http:\/\/especiales.laprensagrafica.com\/2015\/beatificacion-romero\/","name":"Beatificaci\u00f3n de Monse\u00f1or Romero","description":"Sitio especial de La Prensa Gr\u00e1fica","potentialAction":[{"@type":"SearchAction","target":{"@type":"EntryPoint","urlTemplate":"http:\/\/especiales.laprensagrafica.com\/2015\/beatificacion-romero\/?s={search_term_string}"},"query-input":"required name=search_term_string"}],"inLanguage":"es"},{"@type":"WebPage","@id":"http:\/\/especiales.laprensagrafica.com\/2015\/beatificacion-romero\/features\/hall-of-fame\/#webpage","url":"http:\/\/especiales.laprensagrafica.com\/2015\/beatificacion-romero\/features\/hall-of-fame\/","name":"Hall of Fame - Beatificaci\u00f3n de Monse\u00f1or Romero","isPartOf":{"@id":"http:\/\/especiales.laprensagrafica.com\/2015\/beatificacion-romero\/#website"},"datePublished":"2013-03-22T18:14:18+00:00","dateModified":"2013-03-22T18:14:18+00:00","breadcrumb":{"@id":"http:\/\/especiales.laprensagrafica.com\/2015\/beatificacion-romero\/features\/hall-of-fame\/#breadcrumb"},"inLanguage":"es","potentialAction":[{"@type":"ReadAction","target":["http:\/\/especiales.laprensagrafica.com\/2015\/beatificacion-romero\/features\/hall-of-fame\/"]}]},{"@type":"BreadcrumbList","@id":"http:\/\/especiales.laprensagrafica.com\/2015\/beatificacion-romero\/features\/hall-of-fame\/#breadcrumb","itemListElement":[{"@type":"ListItem","position":1,"name":"Portada","item":"http:\/\/especiales.laprensagrafica.com\/2015\/beatificacion-romero\/"},{"@type":"ListItem","position":2,"name":"Features","item":"http:\/\/especiales.laprensagrafica.com\/2015\/beatificacion-romero\/features\/"},{"@type":"ListItem","position":3,"name":"Hall of Fame"}]}]}},"jetpack_sharing_enabled":true,"jetpack_shortlink":"https:\/\/wp.me\/P6bKPR-40","jetpack-related-posts":[{"id":210,"url":"http:\/\/especiales.laprensagrafica.com\/2015\/beatificacion-romero\/features\/why-buy-the-theme\/","url_meta":{"origin":248,"position":0},"title":"Why Buy The Theme","date":"22 marzo, 2013","format":false,"excerpt":"","rel":"","context":"Entrada similar","img":{"alt_text":"","src":"","width":0,"height":0},"classes":[]},{"id":6710,"url":"http:\/\/especiales.laprensagrafica.com\/2015\/beatificacion-romero\/features\/elements\/drag-drop-elements-4\/","url_meta":{"origin":248,"position":1},"title":"Drag &amp; Drop Elements 4","date":"24 noviembre, 2013","format":false,"excerpt":"","rel":"","context":"Entrada similar","img":{"alt_text":"book-92572_1920","src":"https:\/\/i0.wp.com\/church-event.vamtam.com\/wp-content\/uploads\/2014\/01\/book-92572_19201-550x411.jpg?resize=350%2C200","width":350,"height":200},"classes":[]},{"id":255,"url":"http:\/\/especiales.laprensagrafica.com\/2015\/beatificacion-romero\/features\/elements\/drag-drop-elements-2\/","url_meta":{"origin":248,"position":2},"title":"Drag &amp; Drop Elements 3","date":"22 marzo, 2013","format":false,"excerpt":"","rel":"","context":"Entrada similar","img":{"alt_text":"","src":"","width":0,"height":0},"classes":[]},{"id":32,"url":"http:\/\/especiales.laprensagrafica.com\/2015\/beatificacion-romero\/pages\/services\/","url_meta":{"origin":248,"position":3},"title":"Services","date":"22 marzo, 2013","format":false,"excerpt":"","rel":"","context":"Entrada similar","img":{"alt_text":"","src":"https:\/\/i0.wp.com\/church-event.vamtam.com\/wp-content\/uploads\/2013\/11\/about_small_2.png?resize=350%2C200","width":350,"height":200},"classes":[]},{"id":29,"url":"http:\/\/especiales.laprensagrafica.com\/2015\/beatificacion-romero\/pages\/about-us\/","url_meta":{"origin":248,"position":4},"title":"About WordPress Church Theme","date":"22 marzo, 2013","format":false,"excerpt":"","rel":"","context":"Entrada similar","img":{"alt_text":"","src":"","width":0,"height":0},"classes":[]},{"id":7171,"url":"http:\/\/especiales.laprensagrafica.com\/2015\/beatificacion-romero\/home-layouts\/parallax\/","url_meta":{"origin":248,"position":5},"title":"Parallax","date":"18 febrero, 2014","format":false,"excerpt":"","rel":"","context":"Entrada similar","img":{"alt_text":"","src":"","width":0,"height":0},"classes":[]}],"_links":{"self":[{"href":"http:\/\/especiales.laprensagrafica.com\/2015\/beatificacion-romero\/wp-json\/wp\/v2\/pages\/248"}],"collection":[{"href":"http:\/\/especiales.laprensagrafica.com\/2015\/beatificacion-romero\/wp-json\/wp\/v2\/pages"}],"about":[{"href":"http:\/\/especiales.laprensagrafica.com\/2015\/beatificacion-romero\/wp-json\/wp\/v2\/types\/page"}],"author":[{"embeddable":true,"href":"http:\/\/especiales.laprensagrafica.com\/2015\/beatificacion-romero\/wp-json\/wp\/v2\/users\/3"}],"replies":[{"embeddable":true,"href":"http:\/\/especiales.laprensagrafica.com\/2015\/beatificacion-romero\/wp-json\/wp\/v2\/comments?post=248"}],"version-history":[{"count":0,"href":"http:\/\/especiales.laprensagrafica.com\/2015\/beatificacion-romero\/wp-json\/wp\/v2\/pages\/248\/revisions"}],"up":[{"embeddable":true,"href":"http:\/\/especiales.laprensagrafica.com\/2015\/beatificacion-romero\/wp-json\/wp\/v2\/pages\/6754"}],"wp:attachment":[{"href":"http:\/\/especiales.laprensagrafica.com\/2015\/beatificacion-romero\/wp-json\/wp\/v2\/media?parent=248"}],"curies":[{"name":"wp","href":"https:\/\/api.w.org\/{rel}","templated":true}]}}